{"id":207,"date":"2014-11-25T18:04:37","date_gmt":"2014-11-25T17:04:37","guid":{"rendered":"http:\/\/demo.mekshq.com\/voice\/?page_id=207"},"modified":"2021-03-15T17:42:28","modified_gmt":"2021-03-15T16:42:28","slug":"accueil-bordeaux-elite","status":"publish","type":"page","link":"http:\/\/www.bordeaux-elite.com\/fr\/","title":{"rendered":"Accueil Bordeaux Elite"},"content":{"rendered":"","protected":false},"excerpt":{"rendered":"","protected":false},"author":1,"featured_media":0,"parent":0,"menu_order":0,"comment_status":"closed","ping_status":"closed","template":"template-modules.php","meta":{"footnotes":""},"class_list":["post-207","page","type-page","status-publish","hentry"],"yoast_head":"<!-- This site is optimized with the Yoast SEO plugin v27.4 - https:\/\/yoast.com\/product\/yoast-seo-wordpress\/ -->\n<title>Visiter et D\u00e9guster le meilleur de Bordeaux<\/title>\n<meta name=\"description\" content=\"Visiter et d\u00e9guster le meilleur de Bordeaux et sa r\u00e9gion. Wine Tour avec Chauffeur priv\u00e9. Visite de Ch\u00e2teau, D\u00e9gustation de vin \u00e0 Saint Emilion, Margaux...\" \/>\n<meta name=\"robots\" content=\"index, follow, max-snippet:-1, max-image-preview:large, max-video-preview:-1\" \/>\n<link rel=\"canonical\" href=\"http:\/\/www.bordeaux-elite.com\/fr\/\" \/>\n<meta property=\"og:locale\" content=\"fr_FR\" \/>\n<meta property=\"og:type\" content=\"article\" \/>\n<meta property=\"og:title\" content=\"Visiter et D\u00e9guster le meilleur de Bordeaux\" \/>\n<meta property=\"og:description\" content=\"Visiter et d\u00e9guster le meilleur de Bordeaux et sa r\u00e9gion. Wine Tour avec Chauffeur priv\u00e9. Visite de Ch\u00e2teau, D\u00e9gustation de vin \u00e0 Saint Emilion, Margaux...\" \/>\n<meta property=\"og:url\" content=\"http:\/\/www.bordeaux-elite.com\/fr\/\" \/>\n<meta property=\"og:site_name\" content=\"Bordeaux-Elite\" \/>\n<meta property=\"article:publisher\" content=\"https:\/\/www.facebook.com\/Bordeaux-Elite-368152253559010\/\" \/>\n<meta property=\"article:modified_time\" content=\"2021-03-15T16:42:28+00:00\" \/>\n<meta name=\"twitter:card\" content=\"summary_large_image\" \/>\n<meta name=\"twitter:site\" content=\"@PaulTips331\" \/>\n<script type=\"application\/ld+json\" class=\"yoast-schema-graph\">{\"@context\":\"https:\\\/\\\/schema.org\",\"@graph\":[{\"@type\":\"WebPage\",\"@id\":\"http:\\\/\\\/www.bordeaux-elite.com\\\/fr\\\/\",\"url\":\"http:\\\/\\\/www.bordeaux-elite.com\\\/fr\\\/\",\"name\":\"Visiter et D\u00e9guster le meilleur de Bordeaux\",\"isPartOf\":{\"@id\":\"http:\\\/\\\/www.bordeaux-elite.com\\\/en\\\/#website\"},\"datePublished\":\"2014-11-25T17:04:37+00:00\",\"dateModified\":\"2021-03-15T16:42:28+00:00\",\"description\":\"Visiter et d\u00e9guster le meilleur de Bordeaux et sa r\u00e9gion. Wine Tour avec Chauffeur priv\u00e9. Visite de Ch\u00e2teau, D\u00e9gustation de vin \u00e0 Saint Emilion, Margaux...\",\"breadcrumb\":{\"@id\":\"http:\\\/\\\/www.bordeaux-elite.com\\\/fr\\\/#breadcrumb\"},\"inLanguage\":\"fr-FR\",\"potentialAction\":[{\"@type\":\"ReadAction\",\"target\":[\"http:\\\/\\\/www.bordeaux-elite.com\\\/fr\\\/\"]}]},{\"@type\":\"BreadcrumbList\",\"@id\":\"http:\\\/\\\/www.bordeaux-elite.com\\\/fr\\\/#breadcrumb\",\"itemListElement\":[{\"@type\":\"ListItem\",\"position\":1,\"name\":\"Accueil\",\"item\":\"http:\\\/\\\/www.bordeaux-elite.com\\\/fr\\\/\"},{\"@type\":\"ListItem\",\"position\":2,\"name\":\"Accueil Bordeaux Elite\"}]},{\"@type\":\"WebSite\",\"@id\":\"http:\\\/\\\/www.bordeaux-elite.com\\\/en\\\/#website\",\"url\":\"http:\\\/\\\/www.bordeaux-elite.com\\\/en\\\/\",\"name\":\"Bordeaux-Elite\",\"description\":\"\",\"potentialAction\":[{\"@type\":\"SearchAction\",\"target\":{\"@type\":\"EntryPoint\",\"urlTemplate\":\"http:\\\/\\\/www.bordeaux-elite.com\\\/en\\\/?s={search_term_string}\"},\"query-input\":{\"@type\":\"PropertyValueSpecification\",\"valueRequired\":true,\"valueName\":\"search_term_string\"}}],\"inLanguage\":\"fr-FR\"}]}<\/script>\n<!-- \/ Yoast SEO plugin. -->","yoast_head_json":{"title":"Visiter et D\u00e9guster le meilleur de Bordeaux","description":"Visiter et d\u00e9guster le meilleur de Bordeaux et sa r\u00e9gion. Wine Tour avec Chauffeur priv\u00e9. Visite de Ch\u00e2teau, D\u00e9gustation de vin \u00e0 Saint Emilion, Margaux...","robots":{"index":"index","follow":"follow","max-snippet":"max-snippet:-1","max-image-preview":"max-image-preview:large","max-video-preview":"max-video-preview:-1"},"canonical":"http:\/\/www.bordeaux-elite.com\/fr\/","og_locale":"fr_FR","og_type":"article","og_title":"Visiter et D\u00e9guster le meilleur de Bordeaux","og_description":"Visiter et d\u00e9guster le meilleur de Bordeaux et sa r\u00e9gion. Wine Tour avec Chauffeur priv\u00e9. Visite de Ch\u00e2teau, D\u00e9gustation de vin \u00e0 Saint Emilion, Margaux...","og_url":"http:\/\/www.bordeaux-elite.com\/fr\/","og_site_name":"Bordeaux-Elite","article_publisher":"https:\/\/www.facebook.com\/Bordeaux-Elite-368152253559010\/","article_modified_time":"2021-03-15T16:42:28+00:00","twitter_card":"summary_large_image","twitter_site":"@PaulTips331","schema":{"@context":"https:\/\/schema.org","@graph":[{"@type":"WebPage","@id":"http:\/\/www.bordeaux-elite.com\/fr\/","url":"http:\/\/www.bordeaux-elite.com\/fr\/","name":"Visiter et D\u00e9guster le meilleur de Bordeaux","isPartOf":{"@id":"http:\/\/www.bordeaux-elite.com\/en\/#website"},"datePublished":"2014-11-25T17:04:37+00:00","dateModified":"2021-03-15T16:42:28+00:00","description":"Visiter et d\u00e9guster le meilleur de Bordeaux et sa r\u00e9gion. Wine Tour avec Chauffeur priv\u00e9. Visite de Ch\u00e2teau, D\u00e9gustation de vin \u00e0 Saint Emilion, Margaux...","breadcrumb":{"@id":"http:\/\/www.bordeaux-elite.com\/fr\/#breadcrumb"},"inLanguage":"fr-FR","potentialAction":[{"@type":"ReadAction","target":["http:\/\/www.bordeaux-elite.com\/fr\/"]}]},{"@type":"BreadcrumbList","@id":"http:\/\/www.bordeaux-elite.com\/fr\/#breadcrumb","itemListElement":[{"@type":"ListItem","position":1,"name":"Accueil","item":"http:\/\/www.bordeaux-elite.com\/fr\/"},{"@type":"ListItem","position":2,"name":"Accueil Bordeaux Elite"}]},{"@type":"WebSite","@id":"http:\/\/www.bordeaux-elite.com\/en\/#website","url":"http:\/\/www.bordeaux-elite.com\/en\/","name":"Bordeaux-Elite","description":"","potentialAction":[{"@type":"SearchAction","target":{"@type":"EntryPoint","urlTemplate":"http:\/\/www.bordeaux-elite.com\/en\/?s={search_term_string}"},"query-input":{"@type":"PropertyValueSpecification","valueRequired":true,"valueName":"search_term_string"}}],"inLanguage":"fr-FR"}]}},"_links":{"self":[{"href":"http:\/\/www.bordeaux-elite.com\/fr\/wp-json\/wp\/v2\/pages\/207","targetHints":{"allow":["GET"]}}],"collection":[{"href":"http:\/\/www.bordeaux-elite.com\/fr\/wp-json\/wp\/v2\/pages"}],"about":[{"href":"http:\/\/www.bordeaux-elite.com\/fr\/wp-json\/wp\/v2\/types\/page"}],"author":[{"embeddable":true,"href":"http:\/\/www.bordeaux-elite.com\/fr\/wp-json\/wp\/v2\/users\/1"}],"replies":[{"embeddable":true,"href":"http:\/\/www.bordeaux-elite.com\/fr\/wp-json\/wp\/v2\/comments?post=207"}],"version-history":[{"count":5,"href":"http:\/\/www.bordeaux-elite.com\/fr\/wp-json\/wp\/v2\/pages\/207\/revisions"}],"predecessor-version":[{"id":708,"href":"http:\/\/www.bordeaux-elite.com\/fr\/wp-json\/wp\/v2\/pages\/207\/revisions\/708"}],"wp:attachment":[{"href":"http:\/\/www.bordeaux-elite.com\/fr\/wp-json\/wp\/v2\/media?parent=207"}],"curies":[{"name":"wp","href":"https:\/\/api.w.org\/{rel}","templated":true}]}}